{"id":212,"date":"2023-01-16T13:49:11","date_gmt":"2023-01-16T13:49:11","guid":{"rendered":"https:\/\/adrone.co.uk\/?page_id=212"},"modified":"2024-01-22T22:51:32","modified_gmt":"2024-01-22T22:51:32","slug":"solar-panel-farm-and-installation-inspections","status":"publish","type":"page","link":"https:\/\/adrone.co.uk\/ro\/solar-panel-farm-and-installation-inspections\/","title":{"rendered":"Inspec\u021bii de Ferme \u0219i Instala\u021bii de Panouri Solare"},"content":{"rendered":"<div data-elementor-type=\"wp-page\" data-elementor-id=\"212\" class=\"elementor elementor-212\">\n\t\t\t\t\t\t<section class=\"elementor-section elementor-top-section elementor-element elementor-element-1bdba96 elementor-section-boxed elementor-section-height-default elementor-section-height-default\" data-id=\"1bdba96\" data-element_type=\"section\" data-e-type=\"section\">\n\t\t\t\t\t\t<div class=\"elementor-container elementor-column-gap-default\">\n\t\t\t\t\t<div class=\"elementor-column elementor-col-100 elementor-top-column elementor-element elementor-element-6c69786\" data-id=\"6c69786\" data-element_type=\"column\" data-e-type=\"column\">\n\t\t\t<div class=\"elementor-widget-wrap elementor-element-populated\">\n\t\t\t\t\t\t<div class=\"elementor-element elementor-element-b616e07 elementor-widget elementor-widget-text-editor\" data-id=\"b616e07\" data-element_type=\"widget\" data-e-type=\"widget\" data-widget_type=\"text-editor.default\">\n\t\t\t\t<div class=\"elementor-widget-container\">\n\t\t\t\t\t\t\t\t\t<h2 style=\"text-align: center;\"><span style=\"color: #000000;\">Inspec\u021bii de Ferme \u0219i Instala\u021bii de Panouri Solare<\/span><\/h2><p>\u00a0<\/p>\t\t\t\t\t\t\t\t<\/div>\n\t\t\t\t<\/div>\n\t\t\t\t\t<\/div>\n\t\t<\/div>\n\t\t\t\t\t<\/div>\n\t\t<\/section>\n\t\t\t\t<section class=\"elementor-section elementor-top-section elementor-element elementor-element-307fbdd elementor-section-boxed elementor-section-height-default elementor-section-height-default\" data-id=\"307fbdd\" data-element_type=\"section\" data-e-type=\"section\">\n\t\t\t\t\t\t<div class=\"elementor-container elementor-column-gap-default\">\n\t\t\t\t\t<div class=\"elementor-column elementor-col-50 elementor-top-column elementor-element elementor-element-8ef1794\" data-id=\"8ef1794\" data-element_type=\"column\" data-e-type=\"column\">\n\t\t\t<div class=\"elementor-widget-wrap elementor-element-populated\">\n\t\t\t\t\t\t<div class=\"elementor-element elementor-element-5a49c55 elementor-widget elementor-widget-image\" data-id=\"5a49c55\" data-element_type=\"widget\" data-e-type=\"widget\" data-widget_type=\"image.default\">\n\t\t\t\t<div class=\"elementor-widget-container\">\n\t\t\t\t\t\t\t\t\t\t\t\t\t\t\t<img fetchpriority=\"high\" decoding=\"async\" data-attachment-id=\"1157\" data-permalink=\"https:\/\/adrone.co.uk\/ro\/solar-panel-farm-and-installation-inspections\/reference-01\/\" data-orig-file=\"https:\/\/i0.wp.com\/adrone.co.uk\/wp-content\/uploads\/2023\/05\/reference-01.jpg?fit=941%2C628&amp;ssl=1\" data-orig-size=\"941,628\" data-comments-opened=\"1\" data-image-meta=\"{&quot;aperture&quot;:&quot;0&quot;,&quot;credit&quot;:&quot;Adrian  Dancea&quot;,&quot;camera&quot;:&quot;&quot;,&quot;caption&quot;:&quot;&quot;,&quot;created_timestamp&quot;:&quot;1685463364&quot;,&quot;copyright&quot;:&quot;&quot;,&quot;focal_length&quot;:&quot;0&quot;,&quot;iso&quot;:&quot;0&quot;,&quot;shutter_speed&quot;:&quot;0&quot;,&quot;title&quot;:&quot;&quot;,&quot;orientation&quot;:&quot;0&quot;}\" data-image-title=\"reference 01\" data-image-description=\"\" data-image-caption=\"\" data-large-file=\"https:\/\/i0.wp.com\/adrone.co.uk\/wp-content\/uploads\/2023\/05\/reference-01.jpg?fit=941%2C628&amp;ssl=1\" width=\"941\" height=\"628\" src=\"https:\/\/i0.wp.com\/adrone.co.uk\/wp-content\/uploads\/2023\/05\/reference-01.jpg?fit=941%2C628&amp;ssl=1\" class=\"attachment-large size-large wp-image-1157\" alt=\"\" srcset=\"https:\/\/i0.wp.com\/adrone.co.uk\/wp-content\/uploads\/2023\/05\/reference-01.jpg?w=941&amp;ssl=1 941w, https:\/\/i0.wp.com\/adrone.co.uk\/wp-content\/uploads\/2023\/05\/reference-01.jpg?resize=300%2C200&amp;ssl=1 300w, https:\/\/i0.wp.com\/adrone.co.uk\/wp-content\/uploads\/2023\/05\/reference-01.jpg?resize=768%2C513&amp;ssl=1 768w, https:\/\/i0.wp.com\/adrone.co.uk\/wp-content\/uploads\/2023\/05\/reference-01.jpg?resize=600%2C400&amp;ssl=1 600w\" sizes=\"(max-width: 941px) 100vw, 941px\" \/>\t\t\t\t\t\t\t\t\t\t\t\t\t\t\t<\/div>\n\t\t\t\t<\/div>\n\t\t\t\t\t<\/div>\n\t\t<\/div>\n\t\t\t\t<div class=\"elementor-column elementor-col-50 elementor-top-column elementor-element elementor-element-89057bd\" data-id=\"89057bd\" data-element_type=\"column\" data-e-type=\"column\">\n\t\t\t<div class=\"elementor-widget-wrap elementor-element-populated\">\n\t\t\t\t\t\t<div class=\"elementor-element elementor-element-42c2dc2 elementor-widget elementor-widget-text-editor\" data-id=\"42c2dc2\" data-element_type=\"widget\" data-e-type=\"widget\" data-widget_type=\"text-editor.default\">\n\t\t\t\t<div class=\"elementor-widget-container\">\n\t\t\t\t\t\t\t\t\t<p>\u00a0<\/p><p>\u00a0<\/p><p style=\"text-align: center;\">\u00cen mod tradi\u021bional, inspec\u021biile panourilor solare implic\u0103 verific\u0103ri manuale ale fiec\u0103rui panou folosind camere termice portabile, un proces consumator de timp \u0219i ineficient. Apari\u021bia tehnologiei dronei a revolu\u021bionat \u00eens\u0103 acest lucru, asigur\u00e2nd o colectare eficient\u0103 \u0219i precis\u0103 a datelor. Camerele noastre termice pot supraveghea zone vaste dintr-o ferm\u0103 solar\u0103 \u00eentr-un singur zbor, adun\u00e2nd imagini \u00een infraro\u0219u de \u00eenalt\u0103 rezolu\u021bie.<\/p>\t\t\t\t\t\t\t\t<\/div>\n\t\t\t\t<\/div>\n\t\t\t\t\t<\/div>\n\t\t<\/div>\n\t\t\t\t\t<\/div>\n\t\t<\/section>\n\t\t\t\t<section class=\"elementor-section elementor-top-section elementor-element elementor-element-225d5a9 elementor-section-boxed elementor-section-height-default elementor-section-height-default\" data-id=\"225d5a9\" data-element_type=\"section\" data-e-type=\"section\">\n\t\t\t\t\t\t<div class=\"elementor-container elementor-column-gap-default\">\n\t\t\t\t\t<div class=\"elementor-column elementor-col-100 elementor-top-column elementor-element elementor-element-79ef4d3\" data-id=\"79ef4d3\" data-element_type=\"column\" data-e-type=\"column\">\n\t\t\t<div class=\"elementor-widget-wrap elementor-element-populated\">\n\t\t\t\t\t\t<div class=\"elementor-element elementor-element-91aeb8b elementor-widget elementor-widget-text-editor\" data-id=\"91aeb8b\" data-element_type=\"widget\" data-e-type=\"widget\" data-widget_type=\"text-editor.default\">\n\t\t\t\t<div class=\"elementor-widget-container\">\n\t\t\t\t\t\t\t\t\t<h3 style=\"text-align: center;\"><em>Avantajele inspec\u021biilor solare asistate de drone includ:<\/em><\/h3>\t\t\t\t\t\t\t\t<\/div>\n\t\t\t\t<\/div>\n\t\t\t\t\t<\/div>\n\t\t<\/div>\n\t\t\t\t\t<\/div>\n\t\t<\/section>\n\t\t\t\t<section class=\"elementor-section elementor-top-section elementor-element elementor-element-e972ccd elementor-section-boxed elementor-section-height-default elementor-section-height-default\" data-id=\"e972ccd\" data-element_type=\"section\" data-e-type=\"section\">\n\t\t\t\t\t\t<div class=\"elementor-container elementor-column-gap-default\">\n\t\t\t\t\t<div class=\"elementor-column elementor-col-33 elementor-top-column elementor-element elementor-element-08ac0e2\" data-id=\"08ac0e2\" data-element_type=\"column\" data-e-type=\"column\">\n\t\t\t<div class=\"elementor-widget-wrap elementor-element-populated\">\n\t\t\t\t\t\t<div class=\"elementor-element elementor-element-afa1d0d elementor-widget elementor-widget-text-editor\" data-id=\"afa1d0d\" data-element_type=\"widget\" data-e-type=\"widget\" data-widget_type=\"text-editor.default\">\n\t\t\t\t<div class=\"elementor-widget-container\">\n\t\t\t\t\t\t\t\t\t<h3 style=\"text-align: center;\"><em>70% <\/em><\/h3><h3 style=\"text-align: center;\"><em>Reducerea timpului de inspec\u021bie.<\/em><\/h3>\t\t\t\t\t\t\t\t<\/div>\n\t\t\t\t<\/div>\n\t\t\t\t\t<\/div>\n\t\t<\/div>\n\t\t\t\t<div class=\"elementor-column elementor-col-33 elementor-top-column elementor-element elementor-element-71221d2\" data-id=\"71221d2\" data-element_type=\"column\" data-e-type=\"column\">\n\t\t\t<div class=\"elementor-widget-wrap elementor-element-populated\">\n\t\t\t\t\t\t<div class=\"elementor-element elementor-element-948fff6 elementor-widget elementor-widget-text-editor\" data-id=\"948fff6\" data-element_type=\"widget\" data-e-type=\"widget\" data-widget_type=\"text-editor.default\">\n\t\t\t\t<div class=\"elementor-widget-container\">\n\t\t\t\t\t\t\t\t\t<h3 style=\"text-align: center;\"><em>99% <\/em><\/h3><h3 style=\"text-align: center;\"><em>Precizie \u00een detectarea anomaliilor.<\/em><\/h3>\t\t\t\t\t\t\t\t<\/div>\n\t\t\t\t<\/div>\n\t\t\t\t\t<\/div>\n\t\t<\/div>\n\t\t\t\t<div class=\"elementor-column elementor-col-33 elementor-top-column elementor-element elementor-element-d3b4c28\" data-id=\"d3b4c28\" data-element_type=\"column\" data-e-type=\"column\">\n\t\t\t<div class=\"elementor-widget-wrap elementor-element-populated\">\n\t\t\t\t\t\t<div class=\"elementor-element elementor-element-cc5469a elementor-widget elementor-widget-text-editor\" data-id=\"cc5469a\" data-element_type=\"widget\" data-e-type=\"widget\" data-widget_type=\"text-editor.default\">\n\t\t\t\t<div class=\"elementor-widget-container\">\n\t\t\t\t\t\t\t\t\t<h3 style=\"text-align: center;\"><em>40% <\/em><\/h3><h3 style=\"text-align: center;\"><em>Sc\u0103derea costurilor de inspec\u021bie.<\/em><\/h3>\t\t\t\t\t\t\t\t<\/div>\n\t\t\t\t<\/div>\n\t\t\t\t\t<\/div>\n\t\t<\/div>\n\t\t\t\t\t<\/div>\n\t\t<\/section>\n\t\t\t\t<section class=\"elementor-section elementor-top-section elementor-element elementor-element-49a2e90 elementor-section-boxed elementor-section-height-default elementor-section-height-default\" data-id=\"49a2e90\" data-element_type=\"section\" data-e-type=\"section\">\n\t\t\t\t\t\t<div class=\"elementor-container elementor-column-gap-default\">\n\t\t\t\t\t<div class=\"elementor-column elementor-col-100 elementor-top-column elementor-element elementor-element-2b410fe\" data-id=\"2b410fe\" data-element_type=\"column\" data-e-type=\"column\">\n\t\t\t<div class=\"elementor-widget-wrap elementor-element-populated\">\n\t\t\t\t\t\t<div class=\"elementor-element elementor-element-14331b7 elementor-widget elementor-widget-text-editor\" data-id=\"14331b7\" data-element_type=\"widget\" data-e-type=\"widget\" data-widget_type=\"text-editor.default\">\n\t\t\t\t<div class=\"elementor-widget-container\">\n\t\t\t\t\t\t\t\t\t<p>Performan\u021ba optim\u0103 a panourilor solare, dac\u0103 sunt \u00eentre\u021binute corespunz\u0103tor, poate fi extins\u0103 peste durata de via\u021b\u0103 estimat\u0103 a acestora, de 20-30 de ani. La Adrone Ltd., ne m\u00e2ndrim cu flota noastr\u0103 de drone avansate DJI Matrice M30T, echipate cu camere termice de ultim\u0103 or\u0103. Aceast\u0103 tehnologie ne permite s\u0103 efectu\u0103m sondaje rapide, precise \u0219i sigure ale panourilor solare, identific\u00e2ndu-le prompt pe cele care nu func\u021bioneaz\u0103 optim. \u00cen acest fel, pute\u021bi continua s\u0103 genera\u021bi energie \u00een cel mai eficient mod.<\/p><p>Inspec\u021biile sunt o parte esen\u021bial\u0103 a men\u021binerii s\u0103n\u0103t\u0103\u021bii instala\u021biei solare, la fel ca ITV-ul unei ma\u0219ini. Inspec\u021biile regulate nu numai c\u0103 \u00eembun\u0103t\u0103\u021besc durata de via\u021b\u0103 a sistemului, ci \u0219i iesirea electric\u0103. Aceste inspec\u021bii ne permit s\u0103 examin\u0103m \u00een detaliu sistemele dvs. fotovoltaice, duc\u00e2nd adesea la cre\u0219terea performan\u021bei de p\u00e2n\u0103 la 30%.<\/p><p>Imaginile noastre aeriene ofer\u0103 o vedere holistic\u0103 a fermelor solare \u0219i ofer\u0103 echipelor de \u00eentre\u021binere informa\u021bii nepre\u021buite \u00een timp real. Analiza imaginilor termice permite detectarea u\u0219oar\u0103 a poten\u021bialelor anomalii \u00eentre celule, \u0219iruri sau panouri. Cuplarea datelor termice \u0219i vizuale ajut\u0103 la identificarea surselor de anomalii de c\u0103ldur\u0103, fie c\u0103 este vorba despre defecte fizice, cum ar fi fisuri, praf, delaminare sau probleme interne, cum ar fi defec\u021biunile invertorului sau ale cablurilor.<\/p>\t\t\t\t\t\t\t\t<\/div>\n\t\t\t\t<\/div>\n\t\t\t\t\t<\/div>\n\t\t<\/div>\n\t\t\t\t\t<\/div>\n\t\t<\/section>\n\t\t\t\t<section class=\"elementor-section elementor-top-section elementor-element elementor-element-030aa4c elementor-section-boxed elementor-section-height-default elementor-section-height-default\" data-id=\"030aa4c\" data-element_type=\"section\" data-e-type=\"section\">\n\t\t\t\t\t\t<div class=\"elementor-container elementor-column-gap-default\">\n\t\t\t\t\t<div class=\"elementor-column elementor-col-100 elementor-top-column elementor-element elementor-element-80933ac\" data-id=\"80933ac\" data-element_type=\"column\" data-e-type=\"column\">\n\t\t\t<div class=\"elementor-widget-wrap elementor-element-populated\">\n\t\t\t\t\t\t<div class=\"elementor-element elementor-element-16bb46a elementor-widget elementor-widget-shortcode\" data-id=\"16bb46a\" data-element_type=\"widget\" data-e-type=\"widget\" data-widget_type=\"shortcode.default\">\n\t\t\t\t<div class=\"elementor-widget-container\">\n\t\t\t\t\t\t\t<div class=\"elementor-shortcode\">\n\t\t\t\n\t<style type=\"text\/css\">\n\t\t.slider-info-957.bafg-slider-info .bafg-slider-title {\n\t\t\t\t\t\t\tfont-size:\n\t\t\t\t\t22px\t\t\t\t;\n\t\t\t\n\t\t\t\n\t\t\t\t\t}\n\n\t\t.slider-info-957.bafg-slider-info .bafg-slider-description {\n\t\t\t\n\t\t\t\n\t\t\t\t\t}\n\t\t\n\t\t\n\t\t.slider-info-957.bafg-slider-info .bafg_slider_readmore_button {\n\t\t\t\n\t\t\t\n\t\t\t\n\t\t\t\n\t\t\t\n\t\t\ttext-align: center;\n\n\t\t\t\n\t\t\t\n\t\t\t\n\t\t\t\n\t\t\t\t\t}\n\n\t\t.slider-info-957.bafg-slider-info .bafg_slider_readmore_button:hover {\n\n\t\t\t\n\t\t\t\n\t\t\t\t\t}\n\t<\/style>\n\t\n\t\t\t<div class=\"bafg-twentytwenty-container slider-957\"\n\t\t\t\tbafg-orientation=\"horizontal\" bafg-default-offset=\"0.5\"\n\t\t\t\tbafg-before-label=\"RGB\"\n\t\t\t\tbafg-after-label=\"IR\" bafg-overlay=\"1\"\n\t\t\t\tbafg-move-slider-on-hover=\"\"\n\t\t\t\tbafg-click-to-move=\"\">\n\n\t\t\t\t\t\t\t\t<img data-recalc-dims=\"1\" class=\"skip-lazy\" data-skip-lazy\t\t\t\t\tsrc=\"https:\/\/i0.wp.com\/adrone.co.uk\/wp-content\/uploads\/2023\/05\/before.jpg?w=1170&#038;ssl=1\" alt=\"\">\n\t\t\t\t<img data-recalc-dims=\"1\" class=\"skip-lazy\" data-skip-lazy\t\t\t\t\tsrc=\"https:\/\/i0.wp.com\/adrone.co.uk\/wp-content\/uploads\/2023\/05\/after.jpg?w=1170&#038;ssl=1\" alt=\"\">\n\n\t\t\t<\/div>\n\n\t\t\t\t<div class=\"bafg-slider-info-wraper\">\n\t\t<div style=\"\" class=\"slider-info-957 bafg-slider-info\">\n\t\t\t\t\t<\/div>\n\t<\/div>\n\t\n\t\t\t<style type=\"text\/css\">\n\t\t\t\t\t\t\t\t\t\t\t<\/style>\n\t\t\t<\/div>\n\t\t\t\t\t\t<\/div>\n\t\t\t\t<\/div>\n\t\t\t\t\t<\/div>\n\t\t<\/div>\n\t\t\t\t\t<\/div>\n\t\t<\/section>\n\t\t\t\t<section class=\"elementor-section elementor-top-section elementor-element elementor-element-5a59ee3 elementor-section-boxed elementor-section-height-default elementor-section-height-default\" data-id=\"5a59ee3\" data-element_type=\"section\" data-e-type=\"section\">\n\t\t\t\t\t\t<div class=\"elementor-container elementor-column-gap-default\">\n\t\t\t\t\t<div class=\"elementor-column elementor-col-100 elementor-top-column elementor-element elementor-element-be29bc0\" data-id=\"be29bc0\" data-element_type=\"column\" data-e-type=\"column\">\n\t\t\t<div class=\"elementor-widget-wrap elementor-element-populated\">\n\t\t\t\t\t\t<div class=\"elementor-element elementor-element-90f8f6a elementor-widget elementor-widget-text-editor\" data-id=\"90f8f6a\" data-element_type=\"widget\" data-e-type=\"widget\" data-widget_type=\"text-editor.default\">\n\t\t\t\t<div class=\"elementor-widget-container\">\n\t\t\t\t\t\t\t\t\t<p>Detectarea \u0219i remedierea prompt\u0103 a elementelor defecte dintr-o ferm\u0103 solar\u0103 previn deficien\u021be substan\u021biale de produc\u021bie. Inspec\u021biile \u0219i \u00eentre\u021binerea eficiente protejeaz\u0103 interesele investitorilor, asigur\u00e2nd c\u0103 sistemul fotovoltaic func\u021bioneaz\u0103 la eficien\u021b\u0103 maxim\u0103.<\/p><p>Dup\u0103 inspec\u021bie, realiz\u0103m rapoarte detaliate folosind imagini termice \u0219i vizuale. Execut\u0103m aceste date prin software-ul lider \u00een industrie pentru a identifica toate anomaliile. Aceste defecte sunt etichetate, georeferen\u021biate \u0219i revizuite pentru o remediere eficient\u0103. Rapoartele noastre ofer\u0103 o hart\u0103 interactiv\u0103 a fermei solare, facilit\u00e2nd partajarea simpl\u0103 \u00eentre membrii echipei.<\/p><p>Dronele reduc drastic costurile de \u00eentre\u021binere prin reducerea timpilor de inspec\u021bie cu p\u00e2n\u0103 la 70% \u00een compara\u021bie cu metodele manuale tradi\u021bionale. Inspec\u021biile noastre ofer\u0103, de asemenea, date istorice, utile pentru urm\u0103rirea defec\u021biunilor panoului \u0219i prevenirea defec\u021biunilor semnificative. V\u0103 recomand\u0103m o inspec\u021bie aerian\u0103 dup\u0103 instalarea de panouri noi, servind drept baz\u0103 pentru inspec\u021bii viitoare.<\/p><p>Alege\u021bi Inspec\u021bia termic\u0103 a instala\u021biei solare de la Adrone Ltd. pentru o abordare mai inteligent\u0103, mai sigur\u0103 \u0219i mai eficient\u0103 a managementului fermei solare. Ne dedicam produc\u021biei de energie durabil\u0103 la apogeu pentru o perioad\u0103 lung\u0103 de timp.<\/p>\t\t\t\t\t\t\t\t<\/div>\n\t\t\t\t<\/div>\n\t\t\t\t\t<\/div>\n\t\t<\/div>\n\t\t\t\t\t<\/div>\n\t\t<\/section>\n\t\t\t\t<section class=\"elementor-section elementor-top-section elementor-element elementor-element-cff0702 elementor-section-boxed elementor-section-height-default elementor-section-height-default\" data-id=\"cff0702\" data-element_type=\"section\" data-e-type=\"section\">\n\t\t\t\t\t\t<div class=\"elementor-container elementor-column-gap-default\">\n\t\t\t\t\t<div class=\"elementor-column elementor-col-100 elementor-top-column elementor-element elementor-element-1d57329\" data-id=\"1d57329\" data-element_type=\"column\" data-e-type=\"column\">\n\t\t\t<div class=\"elementor-widget-wrap elementor-element-populated\">\n\t\t\t\t\t\t<div class=\"elementor-element elementor-element-3142cf2 elementor-widget elementor-widget-video\" data-id=\"3142cf2\" data-element_type=\"widget\" data-e-type=\"widget\" data-settings=\"{&quot;youtube_url&quot;:&quot;https:\\\/\\\/youtu.be\\\/G4ySHpOcF6k&quot;,&quot;autoplay&quot;:&quot;yes&quot;,&quot;play_on_mobile&quot;:&quot;yes&quot;,&quot;mute&quot;:&quot;yes&quot;,&quot;loop&quot;:&quot;yes&quot;,&quot;video_type&quot;:&quot;youtube&quot;}\" data-widget_type=\"video.default\">\n\t\t\t\t<div class=\"elementor-widget-container\">\n\t\t\t\t\t\t\t<div class=\"elementor-wrapper elementor-open-inline\">\n\t\t\t<div class=\"elementor-video\"><\/div>\t\t<\/div>\n\t\t\t\t\t\t<\/div>\n\t\t\t\t<\/div>\n\t\t\t\t\t<\/div>\n\t\t<\/div>\n\t\t\t\t\t<\/div>\n\t\t<\/section>\n\t\t\t\t<\/div>","protected":false},"excerpt":{"rendered":"<p>Solar Panel Farm\/Installation Inspections \u00a0 \u00a0 \u00a0 Traditionally, solar panel inspections involve manual checks of each panel using handheld thermal imagers, a time-consuming and inefficient process. The advent of drone technology, however, has revolutionised this, ensuring efficient and accurate data collection. Our thermal cameras can survey vast areas within a solar farm in a single [&hellip;]<\/p>\n","protected":false},"author":228766334,"featured_media":0,"parent":0,"menu_order":0,"comment_status":"closed","ping_status":"closed","template":"","meta":{"_crdt_document":"","om_disable_all_campaigns":false,"_monsterinsights_skip_tracking":false,"_monsterinsights_sitenote_active":false,"_monsterinsights_sitenote_note":"","_monsterinsights_sitenote_category":0,"footnotes":""},"class_list":["post-212","page","type-page","status-publish","hentry"],"aioseo_notices":[],"jetpack_likes_enabled":true,"jetpack_sharing_enabled":true,"jetpack_shortlink":"https:\/\/wp.me\/PeoVg1-3q","jetpack-related-posts":[],"_links":{"self":[{"href":"https:\/\/adrone.co.uk\/ro\/wp-json\/wp\/v2\/pages\/212","targetHints":{"allow":["GET"]}}],"collection":[{"href":"https:\/\/adrone.co.uk\/ro\/wp-json\/wp\/v2\/pages"}],"about":[{"href":"https:\/\/adrone.co.uk\/ro\/wp-json\/wp\/v2\/types\/page"}],"author":[{"embeddable":true,"href":"https:\/\/adrone.co.uk\/ro\/wp-json\/wp\/v2\/users\/228766334"}],"replies":[{"embeddable":true,"href":"https:\/\/adrone.co.uk\/ro\/wp-json\/wp\/v2\/comments?post=212"}],"version-history":[{"count":60,"href":"https:\/\/adrone.co.uk\/ro\/wp-json\/wp\/v2\/pages\/212\/revisions"}],"predecessor-version":[{"id":2127,"href":"https:\/\/adrone.co.uk\/ro\/wp-json\/wp\/v2\/pages\/212\/revisions\/2127"}],"wp:attachment":[{"href":"https:\/\/adrone.co.uk\/ro\/wp-json\/wp\/v2\/media?parent=212"}],"curies":[{"name":"wp","href":"https:\/\/api.w.org\/{rel}","templated":true}]}}