{"id":11,"date":"2022-11-26T13:34:01","date_gmt":"2022-11-26T13:34:01","guid":{"rendered":"https:\/\/adrone.co.uk\/projects\/"},"modified":"2023-07-02T21:02:44","modified_gmt":"2023-07-02T20:02:44","slug":"health-and-safety","status":"publish","type":"page","link":"https:\/\/adrone.co.uk\/ro\/health-and-safety\/","title":{"rendered":"Securitate \u0219i S\u0103n\u0103tate la Locul de Munc\u0103"},"content":{"rendered":"<div data-elementor-type=\"wp-page\" data-elementor-id=\"11\" class=\"elementor elementor-11\">\n\t\t\t\t\t\t<section class=\"elementor-section elementor-top-section elementor-element elementor-element-b99d944 elementor-section-boxed elementor-section-height-default elementor-section-height-default\" data-id=\"b99d944\" data-element_type=\"section\" data-e-type=\"section\">\n\t\t\t\t\t\t<div class=\"elementor-container elementor-column-gap-default\">\n\t\t\t\t\t<div class=\"elementor-column elementor-col-100 elementor-top-column elementor-element elementor-element-3f44c4b\" data-id=\"3f44c4b\" data-element_type=\"column\" data-e-type=\"column\">\n\t\t\t<div class=\"elementor-widget-wrap elementor-element-populated\">\n\t\t\t\t\t\t<div class=\"elementor-element elementor-element-5336aaa elementor-widget elementor-widget-text-editor\" data-id=\"5336aaa\" data-element_type=\"widget\" data-e-type=\"widget\" data-widget_type=\"text-editor.default\">\n\t\t\t\t<div class=\"elementor-widget-container\">\n\t\t\t\t\t\t\t\t\t<p style=\"text-align: center;\">Health and safety form the cornerstone of our drone services. Prior to every operation, we undertake rigorous risk assessments to ensure maximal safety during the inspections. Strict adherence to the Civil Aviation Authority (CAA) regulations is maintained at all times, and each operation is initiated with an extensive pre-flight inspection to confirm the drone&#8217;s operational readiness and ensure optimal functionality during the survey.<\/p><p style=\"text-align: center;\">Moreover, we are fully insured, reinforcing our commitment to delivering secure, reliable, and high-quality drone services. This insurance coverage offers an additional layer of protection and reassurance to our clients. Our meticulous management of health and safety aspects guarantees peace of mind as we harness the power of advanced drone technology to redefine inspections and evaluations across industries.<\/p>\t\t\t\t\t\t\t\t<\/div>\n\t\t\t\t<\/div>\n\t\t\t\t\t<\/div>\n\t\t<\/div>\n\t\t\t\t\t<\/div>\n\t\t<\/section>\n\t\t\t\t<section class=\"elementor-section elementor-top-section elementor-element elementor-element-69b336f elementor-section-boxed elementor-section-height-default elementor-section-height-default\" data-id=\"69b336f\" data-element_type=\"section\" data-e-type=\"section\">\n\t\t\t\t\t\t<div class=\"elementor-container elementor-column-gap-default\">\n\t\t\t\t\t<div class=\"elementor-column elementor-col-100 elementor-top-column elementor-element elementor-element-3c9fe9d\" data-id=\"3c9fe9d\" data-element_type=\"column\" data-e-type=\"column\">\n\t\t\t<div class=\"elementor-widget-wrap elementor-element-populated\">\n\t\t\t\t\t\t<div class=\"elementor-element elementor-element-b4b4400 elementor-widget elementor-widget-image\" data-id=\"b4b4400\" data-element_type=\"widget\" data-e-type=\"widget\" data-widget_type=\"image.default\">\n\t\t\t\t<div class=\"elementor-widget-container\">\n\t\t\t\t\t\t\t\t\t\t\t\t\t\t\t<img fetchpriority=\"high\" decoding=\"async\" data-attachment-id=\"1367\" data-permalink=\"https:\/\/adrone.co.uk\/ro\/health-and-safety\/dji_0267\/\" data-orig-file=\"https:\/\/i0.wp.com\/adrone.co.uk\/wp-content\/uploads\/2023\/07\/DJI_0267.jpg?fit=5472%2C3648&amp;ssl=1\" data-orig-size=\"5472,3648\" data-comments-opened=\"1\" data-image-meta=\"{&quot;aperture&quot;:&quot;0&quot;,&quot;credit&quot;:&quot;&quot;,&quot;camera&quot;:&quot;&quot;,&quot;caption&quot;:&quot;&quot;,&quot;created_timestamp&quot;:&quot;0&quot;,&quot;copyright&quot;:&quot;&quot;,&quot;focal_length&quot;:&quot;0&quot;,&quot;iso&quot;:&quot;0&quot;,&quot;shutter_speed&quot;:&quot;0&quot;,&quot;title&quot;:&quot;&quot;,&quot;orientation&quot;:&quot;0&quot;}\" data-image-title=\"DJI_0267\" data-image-description=\"\" data-image-caption=\"\" data-large-file=\"https:\/\/i0.wp.com\/adrone.co.uk\/wp-content\/uploads\/2023\/07\/DJI_0267.jpg?fit=1024%2C683&amp;ssl=1\" width=\"768\" height=\"512\" src=\"https:\/\/i0.wp.com\/adrone.co.uk\/wp-content\/uploads\/2023\/07\/DJI_0267.jpg?fit=768%2C512&amp;ssl=1\" class=\"elementor-animation-grow attachment-medium_large size-medium_large wp-image-1367\" alt=\"Health and Safety\" srcset=\"https:\/\/i0.wp.com\/adrone.co.uk\/wp-content\/uploads\/2023\/07\/DJI_0267.jpg?w=5472&amp;ssl=1 5472w, https:\/\/i0.wp.com\/adrone.co.uk\/wp-content\/uploads\/2023\/07\/DJI_0267.jpg?resize=300%2C200&amp;ssl=1 300w, https:\/\/i0.wp.com\/adrone.co.uk\/wp-content\/uploads\/2023\/07\/DJI_0267.jpg?resize=1024%2C683&amp;ssl=1 1024w, https:\/\/i0.wp.com\/adrone.co.uk\/wp-content\/uploads\/2023\/07\/DJI_0267.jpg?resize=768%2C512&amp;ssl=1 768w, https:\/\/i0.wp.com\/adrone.co.uk\/wp-content\/uploads\/2023\/07\/DJI_0267.jpg?resize=1536%2C1024&amp;ssl=1 1536w, https:\/\/i0.wp.com\/adrone.co.uk\/wp-content\/uploads\/2023\/07\/DJI_0267.jpg?resize=2048%2C1365&amp;ssl=1 2048w, https:\/\/i0.wp.com\/adrone.co.uk\/wp-content\/uploads\/2023\/07\/DJI_0267.jpg?resize=1200%2C800&amp;ssl=1 1200w, https:\/\/i0.wp.com\/adrone.co.uk\/wp-content\/uploads\/2023\/07\/DJI_0267.jpg?resize=600%2C400&amp;ssl=1 600w, https:\/\/i0.wp.com\/adrone.co.uk\/wp-content\/uploads\/2023\/07\/DJI_0267.jpg?w=2340&amp;ssl=1 2340w, https:\/\/i0.wp.com\/adrone.co.uk\/wp-content\/uploads\/2023\/07\/DJI_0267.jpg?w=3510&amp;ssl=1 3510w\" sizes=\"(max-width: 768px) 100vw, 768px\" \/>\t\t\t\t\t\t\t\t\t\t\t\t\t\t\t<\/div>\n\t\t\t\t<\/div>\n\t\t\t\t\t<\/div>\n\t\t<\/div>\n\t\t\t\t\t<\/div>\n\t\t<\/section>\n\t\t\t\t<\/div>","protected":false},"excerpt":{"rendered":"<p>Health and safety form the cornerstone of our drone services. Prior to every operation, we undertake rigorous risk assessments to ensure maximal safety during the inspections. Strict adherence to the Civil Aviation Authority (CAA) regulations is maintained at all times, and each operation is initiated with an extensive pre-flight inspection to confirm the drone&#8217;s operational [&hellip;]<\/p>\n","protected":false},"author":228766334,"featured_media":0,"parent":0,"menu_order":0,"comment_status":"closed","ping_status":"closed","template":"","meta":{"_crdt_document":"","om_disable_all_campaigns":false,"_monsterinsights_skip_tracking":false,"_monsterinsights_sitenote_active":false,"_monsterinsights_sitenote_note":"","_monsterinsights_sitenote_category":0,"footnotes":""},"class_list":["post-11","page","type-page","status-publish","hentry"],"aioseo_notices":[],"jetpack_likes_enabled":null,"jetpack_sharing_enabled":false,"jetpack_shortlink":"https:\/\/wp.me\/PeoVg1-b","jetpack-related-posts":[],"_links":{"self":[{"href":"https:\/\/adrone.co.uk\/ro\/wp-json\/wp\/v2\/pages\/11","targetHints":{"allow":["GET"]}}],"collection":[{"href":"https:\/\/adrone.co.uk\/ro\/wp-json\/wp\/v2\/pages"}],"about":[{"href":"https:\/\/adrone.co.uk\/ro\/wp-json\/wp\/v2\/types\/page"}],"author":[{"embeddable":true,"href":"https:\/\/adrone.co.uk\/ro\/wp-json\/wp\/v2\/users\/228766334"}],"replies":[{"embeddable":true,"href":"https:\/\/adrone.co.uk\/ro\/wp-json\/wp\/v2\/comments?post=11"}],"version-history":[{"count":28,"href":"https:\/\/adrone.co.uk\/ro\/wp-json\/wp\/v2\/pages\/11\/revisions"}],"predecessor-version":[{"id":1373,"href":"https:\/\/adrone.co.uk\/ro\/wp-json\/wp\/v2\/pages\/11\/revisions\/1373"}],"wp:attachment":[{"href":"https:\/\/adrone.co.uk\/ro\/wp-json\/wp\/v2\/media?parent=11"}],"curies":[{"name":"wp","href":"https:\/\/api.w.org\/{rel}","templated":true}]}}